{"id":21,"date":"2021-10-10T18:22:46","date_gmt":"2021-10-10T16:22:46","guid":{"rendered":"https:\/\/leszek.xyz\/?page_id=21"},"modified":"2026-04-13T14:22:37","modified_gmt":"2026-04-13T12:22:37","slug":"add-title2","status":"publish","type":"page","link":"https:\/\/leszek.xyz\/","title":{"rendered":"Strona Leszka"},"content":{"rendered":"\n<p class=\"has-white-background-color has-background has-normal-font-size\"><strong>Korzystanie z TeamViewer wi\u0105\u017ce si\u0119 z ryzykiem<\/strong> &#8211; osoba, kt\u00f3ra przeka\u017ce Tobie <span style=\"text-decoration: underline;\">kod sesji<\/span> lub kt\u00f3rej Ty przeka\u017cesz <span style=\"text-decoration: underline;\">ID i has\u0142o<\/span> (wygenerowane przez TeamViewer), b\u0119dzie w stanie patrze\u0107 na Tw\u00f3j ekran lub zdalnie kontrolowa\u0107 Tw\u00f3j komputer &#8211; upewnij si\u0119, \u017ce ufasz osobie, kt\u00f3ra prosi o zdalny dost\u0119p do Twojego komputera. W ka\u017cdej chwili mo\u017cesz przerwa\u0107 po\u0142\u0105czenie restartuj\u0105c sw\u00f3j komputer lub od\u0142\u0105czaj\u0105c si\u0119 od internetu lub klikaj\u0105c na &#8222;X&#8221; (<em>Roz\u0142\u0105cz<\/em> lub <em>Przerwij po\u0142\u0105czenie<\/em>), je\u017celi uwa\u017casz, \u017ce dzieje si\u0119 co\u015b niepokoj\u0105cego.<\/p>\n\n\n\n<p class=\"has-white-background-color has-background has-normal-font-size\"><span style=\"text-decoration: underline;\">Kod sesji<\/span> lub <span style=\"text-decoration: underline;\">ID i has\u0142o<\/span> do po\u0142\u0105czenia TeamViewer s\u0105 zwykle jednorazowe i tylko na potrzeby TeamViewer. Nigdy nie podawaj Leszkowi has\u0142a do swojej poczty elektronicznej, bankowo\u015bci elektronicznej czy innych wra\u017cliwych danych logowania. Ani Leszek (ani osoba podaj\u0105ca si\u0119 za Leszka) nie potrzebuje tych danych, \u017ceby rozwi\u0105za\u0107 Tw\u00f3j problem &#8211; nikt nie powinien prosi\u0107 o takie dane czy \u017c\u0105da\u0107 ich przekazania.     <\/p>\n\n\n\n<p class=\"has-text-align-center\">Je\u017celi masz w\u0105tpliwo\u015bci to <strong>zapytaj Leszka, zanim<\/strong> uruchomisz link poni\u017cej: <\/p>\n\n\n\n<p class=\"has-white-color has-text-color has-background has-link-color wp-elements-facddfbeda74935b773470e3db61664c\" style=\"background-color:#000da8\"><a href=\"https:\/\/download.teamviewer.com\/download\/TeamViewerQS.exe\" data-type=\"URL\" data-id=\"https:\/\/download.teamviewer.com\/download\/TeamViewerQS.exe\" target=\"_blank\" rel=\"noreferrer noopener\">Tutaj jest link do TeamViewer:  https:\/\/download.teamviewer.com\/download\/TeamViewerQS.exe<\/a><\/p>\n\n\n\n<p class=\"has-white-background-color has-background has-normal-font-size\"><strong>Korzystanie z TeamViewer wi\u0105\u017ce si\u0119 z ryzykiem<\/strong> &#8211; osoba, kt\u00f3ra przeka\u017ce Tobie <span style=\"text-decoration: underline;\">kod sesji<\/span> lub kt\u00f3rej Ty przeka\u017cesz <span style=\"text-decoration: underline;\">ID i has\u0142o<\/span> (wygenerowane przez TeamViewer), b\u0119dzie w stanie patrze\u0107 na Tw\u00f3j ekran lub zdalnie kontrolowa\u0107 Tw\u00f3j komputer &#8211; upewnij si\u0119, \u017ce ufasz osobie, kt\u00f3ra prosi o zdalny dost\u0119p do Twojego komputera. W ka\u017cdej chwili mo\u017cesz przerwa\u0107 po\u0142\u0105czenie restartuj\u0105c sw\u00f3j komputer lub od\u0142\u0105czaj\u0105c si\u0119 od internetu lub klikaj\u0105c na &#8222;X&#8221; (<em>Roz\u0142\u0105cz<\/em> lub <em>Przerwij po\u0142\u0105czenie<\/em>), je\u017celi uwa\u017casz, \u017ce dzieje si\u0119 co\u015b niepokoj\u0105cego.<\/p>\n\n\n\n<p class=\"has-white-background-color has-background has-normal-font-size\"><span style=\"text-decoration: underline;\">Kod sesji<\/span> lub <span style=\"text-decoration: underline;\">ID i has\u0142o<\/span> do po\u0142\u0105czenia TeamViewer s\u0105 zwykle jednorazowe i tylko na potrzeby TeamViewer. Nigdy nie podawaj Leszkowi has\u0142a do swojej poczty elektronicznej, bankowo\u015bci elektronicznej czy innych wra\u017cliwych danych logowania. Ani Leszek (ani osoba podaj\u0105ca si\u0119 za Leszka) nie potrzebuje tych danych, \u017ceby rozwi\u0105za\u0107 Tw\u00f3j problem &#8211; nikt nie powinien prosi\u0107 o takie dane czy \u017c\u0105da\u0107 ich przekazania.     <\/p>\n\n\n\n<p><\/p>\n\n\n\n<p class=\"has-white-background-color has-background\">Tutaj jest link do &#8230; (co\u015b b\u0119dzie kiedy\u015b)<\/p>\n\n\n\n<p class=\"has-white-background-color has-background\">Tutaj jest link do &#8230; (co\u015b b\u0119dzie kiedy\u015b) <\/p>\n\n\n\n<p><\/p>\n\n\n\n<div style=\"height:3886px\" aria-hidden=\"true\" class=\"wp-block-spacer\"><\/div>\n\n\n\n<p><\/p>\n\n\n\n<div style=\"height:2097px\" aria-hidden=\"true\" class=\"wp-block-spacer\"><\/div>\n\n\n\n<p><\/p>\n\n\n\n<p><\/p>\n\n\n\n<p><\/p>\n\n\n\n<p><\/p>\n\n\n\n<p><\/p>\n\n\n\n<p><\/p>\n\n\n\n<p><\/p>\n\n\n\n<p><\/p>\n\n\n\n<p><\/p>\n\n\n\n<p><\/p>\n\n\n\n<p><\/p>\n\n\n\n<p><\/p>\n\n\n\n<p><\/p>\n\n\n\n<p><\/p>\n\n\n\n<p><\/p>\n\n\n\n<p><\/p>\n\n\n\n<p><\/p>\n\n\n\n<p><\/p>\n\n\n\n<p><\/p>\n\n\n\n<p><\/p>\n\n\n\n<p><\/p>\n\n\n\n<p><\/p>\n\n\n\n<p><\/p>\n\n\n\n<p><\/p>\n\n\n\n<p><\/p>\n\n\n\n<p><\/p>\n\n\n\n<p><\/p>\n\n\n\n<p><\/p>\n\n\n\n<p><\/p>\n\n\n\n<p><\/p>\n\n\n\n<p><\/p>\n\n\n\n<p><\/p>\n\n\n\n<p><\/p>\n\n\n\n<p><\/p>\n\n\n\n<p><\/p>\n\n\n\n<p><\/p>\n\n\n\n<p><\/p>\n\n\n\n<p><\/p>\n\n\n\n<p><\/p>\n\n\n\n<p><\/p>\n\n\n\n<p><\/p>\n\n\n\n<p><\/p>\n\n\n\n<p><\/p>\n\n\n\n<p><\/p>\n\n\n\n<p><\/p>\n\n\n\n<p><\/p>\n\n\n\n<p><\/p>\n\n\n\n<p><\/p>\n\n\n\n<p><\/p>\n\n\n\n<p><\/p>\n\n\n\n<p><\/p>\n\n\n\n<p><\/p>\n\n\n\n<p><\/p>\n\n\n\n<p><\/p>\n\n\n\n<p><\/p>\n\n\n\n<p><\/p>\n\n\n\n<p><\/p>\n\n\n\n<p><\/p>\n\n\n\n<p><\/p>\n\n\n\n<p><\/p>\n\n\n\n<p><\/p>\n\n\n\n<p><\/p>\n\n\n\n<p><\/p>\n\n\n\n<p><\/p>\n\n\n\n<p><\/p>\n\n\n\n<p><\/p>\n\n\n\n<p><\/p>\n\n\n\n<p><\/p>\n\n\n\n<p><\/p>\n\n\n\n<p><\/p>\n\n\n\n<p><\/p>\n\n\n\n<p><\/p>\n\n\n\n<p><\/p>\n\n\n\n<p><\/p>\n\n\n\n<p><\/p>\n\n\n\n<p><\/p>\n\n\n\n<p><\/p>\n\n\n\n<p><\/p>\n\n\n\n<p><\/p>\n\n\n\n<p><\/p>\n\n\n\n<p><\/p>\n\n\n\n<p><\/p>\n\n\n\n<p><\/p>\n\n\n\n<p><\/p>\n\n\n\n<p><\/p>\n\n\n\n<p><\/p>\n\n\n\n<p><\/p>\n\n\n\n<p><\/p>\n\n\n\n<p><\/p>\n\n\n\n<p><\/p>\n\n\n\n<p><\/p>\n\n\n\n<p><\/p>\n\n\n\n<p><\/p>\n\n\n\n<p><\/p>\n\n\n\n<p><\/p>\n\n\n\n<p><\/p>\n\n\n\n<p><\/p>\n\n\n\n<p><\/p>\n\n\n\n<p><\/p>\n\n\n\n<p><\/p>\n\n\n\n<p><\/p>\n\n\n\n<p><\/p>\n\n\n\n<p><\/p>\n\n\n\n<p><\/p>\n\n\n\n<p><\/p>\n\n\n\n<p><\/p>\n\n\n\n<p><\/p>\n\n\n\n<p><\/p>\n\n\n\n<p><\/p>\n\n\n\n<p><\/p>\n\n\n\n<p><\/p>\n\n\n\n<p><\/p>\n\n\n\n<p><\/p>\n\n\n\n<p><\/p>\n\n\n\n<p><\/p>\n\n\n\n<p><\/p>\n\n\n\n<p><\/p>\n\n\n\n<p><\/p>\n\n\n\n<p><\/p>\n\n\n\n<p><\/p>\n\n\n\n<p><\/p>\n\n\n\n<p><\/p>\n\n\n\n<p><\/p>\n\n\n\n<p><\/p>\n\n\n\n<p><\/p>\n\n\n\n<p><\/p>\n\n\n\n<p><\/p>\n\n\n\n<p><\/p>\n\n\n\n<p><\/p>\n\n\n\n<p><\/p>\n\n\n\n<p><\/p>\n\n\n\n<p><\/p>\n\n\n\n<p><\/p>\n\n\n\n<p><\/p>\n\n\n\n<p><\/p>\n\n\n\n<p><\/p>\n\n\n\n<p><\/p>\n\n\n\n<p><\/p>\n\n\n\n<p><\/p>\n\n\n\n<p><\/p>\n\n\n\n<p><\/p>\n\n\n\n<p><\/p>\n\n\n\n<p><\/p>\n\n\n\n<p><\/p>\n\n\n\n<p><\/p>\n\n\n\n<p><\/p>\n\n\n\n<p><\/p>\n\n\n\n<p><\/p>\n\n\n\n<p><\/p>\n\n\n\n<p><\/p>\n\n\n\n<p><\/p>\n\n\n\n<p><\/p>\n\n\n\n<p><\/p>\n\n\n\n<p><\/p>\n\n\n\n<p><\/p>\n\n\n\n<p><\/p>\n\n\n\n<p><\/p>\n\n\n\n<p><\/p>\n\n\n\n<p><\/p>\n\n\n\n<p><\/p>\n\n\n\n<p><\/p>\n\n\n\n<p><\/p>\n\n\n\n<p><\/p>\n\n\n\n<p><\/p>\n\n\n\n<p><\/p>\n\n\n\n<p><\/p>\n\n\n\n<p><\/p>\n\n\n\n<p><\/p>\n\n\n\n<p><\/p>\n\n\n\n<p><\/p>\n\n\n\n<p><\/p>\n\n\n\n<p><\/p>\n\n\n\n<p><\/p>\n\n\n\n<p><\/p>\n\n\n\n<p><\/p>\n\n\n\n<p><\/p>\n\n\n\n<p><\/p>\n\n\n\n<p><\/p>\n\n\n\n<p><\/p>\n\n\n\n<p><\/p>\n\n\n\n<p><\/p>\n\n\n\n<p><\/p>\n\n\n\n<p><\/p>\n\n\n\n<p><\/p>\n\n\n\n<p><\/p>\n\n\n\n<p><\/p>\n\n\n\n<p><\/p>\n\n\n\n<p><\/p>\n\n\n\n<p><\/p>\n\n\n\n<p><\/p>\n\n\n\n<p><\/p>\n\n\n\n<p><\/p>\n\n\n\n<p><\/p>\n\n\n\n<p><\/p>\n\n\n\n<p><\/p>\n\n\n\n<p><\/p>\n\n\n\n<p><\/p>\n\n\n\n<p><\/p>\n\n\n\n<p><\/p>\n\n\n\n<p><\/p>\n\n\n\n<p><\/p>\n\n\n\n<p><\/p>\n\n\n\n<p><\/p>\n\n\n\n<p><\/p>\n\n\n\n<p><\/p>\n\n\n\n<p><\/p>\n\n\n\n<p><\/p>\n\n\n\n<p><\/p>\n\n\n\n<p><\/p>\n\n\n\n<p><\/p>\n\n\n\n<p><\/p>\n\n\n\n<p><\/p>\n\n\n\n<p><\/p>\n\n\n\n<p><\/p>\n\n\n\n<p><\/p>\n\n\n\n<p><\/p>\n\n\n\n<p><\/p>\n\n\n\n<p><\/p>\n\n\n\n<p><\/p>\n\n\n\n<p><\/p>\n\n\n\n<p><\/p>\n\n\n\n<p><\/p>\n\n\n\n<p><\/p>\n\n\n\n<p><\/p>\n\n\n\n<p><\/p>\n\n\n\n<p><\/p>\n\n\n\n<p><\/p>\n\n\n\n<p><\/p>\n\n\n\n<p><\/p>\n\n\n\n<p><\/p>\n\n\n\n<p><\/p>\n\n\n\n<p><\/p>\n\n\n\n<p><\/p>\n\n\n\n<p><\/p>\n\n\n\n<p><\/p>\n\n\n\n<p><\/p>\n\n\n\n<p><\/p>\n\n\n\n<p><\/p>\n\n\n\n<p><\/p>\n\n\n\n<p><\/p>\n\n\n\n<p><\/p>\n\n\n\n<p><\/p>\n\n\n\n<p><\/p>\n\n\n\n<p><\/p>\n\n\n\n<p><\/p>\n\n\n\n<p><\/p>\n\n\n\n<p><\/p>\n\n\n\n<p><\/p>\n\n\n\n<p><\/p>\n\n\n\n<p><\/p>\n\n\n\n<p><\/p>\n\n\n\n<p><\/p>\n\n\n\n<p><\/p>\n\n\n\n<p><\/p>\n\n\n\n<p><\/p>\n\n\n\n<p><\/p>\n\n\n\n<p><\/p>\n\n\n\n<p><\/p>\n\n\n\n<p><\/p>\n\n\n\n<p><\/p>\n\n\n\n<p><\/p>\n\n\n\n<p><\/p>\n\n\n\n<p><\/p>\n\n\n\n<p><\/p>\n\n\n\n<p><\/p>\n\n\n\n<p><\/p>\n\n\n\n<p><\/p>\n\n\n\n<p><\/p>\n\n\n\n<figure class=\"wp-block-image size-full\"><img loading=\"lazy\" decoding=\"async\" width=\"236\" height=\"238\" src=\"https:\/\/leszek.xyz\/wp-content\/uploads\/Untitled-4.png\" alt=\"\" class=\"wp-image-72\" srcset=\"https:\/\/leszek.xyz\/wp-content\/uploads\/Untitled-4.png 236w, https:\/\/leszek.xyz\/wp-content\/uploads\/Untitled-4-150x150.png 150w\" sizes=\"auto, (max-width: 236px) 100vw, 236px\" \/><\/figure>\n\n\n\n<p><a href=\"https:\/\/drive.google.com\/drive\/folders\/1U5syxWykA9ZI-sxUEjlgJDO_4D4rz5u1?usp=sharing\" target=\"_blank\" rel=\"noreferrer noopener nofollow\">Welcome Welcome<\/a><\/p>\n\n\n\n<p><\/p>\n","protected":false},"excerpt":{"rendered":"<p>Korzystanie z TeamViewer wi\u0105\u017ce si\u0119 z ryzykiem &#8211; osoba, kt\u00f3ra przeka\u017ce Tobie kod sesji lub kt\u00f3rej Ty przeka\u017cesz ID i has\u0142o (wygenerowane przez TeamViewer), b\u0119dzie w stanie patrze\u0107 na Tw\u00f3j ekran lub zdalnie kontrolowa\u0107 Tw\u00f3j komputer &#8211; upewnij si\u0119, \u017ce ufasz osobie, kt\u00f3ra prosi o zdalny dost\u0119p do Twojego komputera. W ka\u017cdej chwili mo\u017cesz przerwa\u0107 &hellip; <\/p>\n<p class=\"link-more\"><a href=\"https:\/\/leszek.xyz\/\" class=\"more-link\">Czytaj dalej<span class=\"screen-reader-text\"> \u201eStrona Leszka\u201d<\/span><\/a><\/p>\n","protected":false},"author":1,"featured_media":0,"parent":0,"menu_order":0,"comment_status":"closed","ping_status":"closed","template":"","meta":{"footnotes":""},"class_list":["post-21","page","type-page","status-publish","hentry","entry"],"_links":{"self":[{"href":"https:\/\/leszek.xyz\/index.php?rest_route=\/wp\/v2\/pages\/21","targetHints":{"allow":["GET"]}}],"collection":[{"href":"https:\/\/leszek.xyz\/index.php?rest_route=\/wp\/v2\/pages"}],"about":[{"href":"https:\/\/leszek.xyz\/index.php?rest_route=\/wp\/v2\/types\/page"}],"author":[{"embeddable":true,"href":"https:\/\/leszek.xyz\/index.php?rest_route=\/wp\/v2\/users\/1"}],"replies":[{"embeddable":true,"href":"https:\/\/leszek.xyz\/index.php?rest_route=%2Fwp%2Fv2%2Fcomments&post=21"}],"version-history":[{"count":32,"href":"https:\/\/leszek.xyz\/index.php?rest_route=\/wp\/v2\/pages\/21\/revisions"}],"predecessor-version":[{"id":79,"href":"https:\/\/leszek.xyz\/index.php?rest_route=\/wp\/v2\/pages\/21\/revisions\/79"}],"wp:attachment":[{"href":"https:\/\/leszek.xyz\/index.php?rest_route=%2Fwp%2Fv2%2Fmedia&parent=21"}],"curies":[{"name":"wp","href":"https:\/\/api.w.org\/{rel}","templated":true}]}}